{"id":8,"date":"2023-11-13T13:53:46","date_gmt":"2023-11-13T16:53:46","guid":{"rendered":"https:\/\/reformapredial.j2rengenharia.com.br\/?page_id=8"},"modified":"2025-09-09T10:12:22","modified_gmt":"2025-09-09T13:12:22","slug":"reforma-predial","status":"publish","type":"page","link":"https:\/\/reformapredial.j2rengenharia.com.br\/","title":{"rendered":"Reforma Predial"},"content":{"rendered":"\t\t<div data-elementor-type=\"wp-post\" data-elementor-id=\"8\" class=\"elementor elementor-8\">\n\t\t\t\t<div class=\"elementor-element elementor-element-176e2d3d e-flex e-con-boxed e-con e-parent\" data-id=\"176e2d3d\" data-element_type=\"container\" data-settings=\"{&quot;background_background&quot;:&quot;classic&quot;}\">\n\t\t\t\t\t<div class=\"e-con-inner\">\n\t\t\t\t<div class=\"elementor-element elementor-element-fff2086 elementor-widget elementor-widget-image\" data-id=\"fff2086\" data-element_type=\"widget\" data-widget_type=\"image.default\">\n\t\t\t\t<div class=\"elementor-widget-container\">\n\t\t\t\t\t\t\t\t\t\t\t\t\t\t<a href=\"http:\/\/j2rengenharia.com.br\">\n\t\t\t\t\t\t\t<img fetchpriority=\"high\" decoding=\"async\" width=\"800\" height=\"494\" src=\"https:\/\/reformapredial.j2rengenharia.com.br\/wp-content\/uploads\/2023\/11\/logo-pdf-1-01-1024x632.png\" class=\"attachment-large size-large wp-image-20\" alt=\"\" srcset=\"https:\/\/reformapredial.j2rengenharia.com.br\/wp-content\/uploads\/2023\/11\/logo-pdf-1-01-1024x632.png 1024w, https:\/\/reformapredial.j2rengenharia.com.br\/wp-content\/uploads\/2023\/11\/logo-pdf-1-01-300x185.png 300w, https:\/\/reformapredial.j2rengenharia.com.br\/wp-content\/uploads\/2023\/11\/logo-pdf-1-01-768x474.png 768w, https:\/\/reformapredial.j2rengenharia.com.br\/wp-content\/uploads\/2023\/11\/logo-pdf-1-01-1536x948.png 1536w, https:\/\/reformapredial.j2rengenharia.com.br\/wp-content\/uploads\/2023\/11\/logo-pdf-1-01-2048x1264.png 2048w\" sizes=\"(max-width: 800px) 100vw, 800px\" \/>\t\t\t\t\t\t\t\t<\/a>\n\t\t\t\t\t\t\t\t\t\t\t\t\t<\/div>\n\t\t\t\t<\/div>\n\t\t\t\t<div class=\"elementor-element elementor-element-76a267e2 elementor-widget elementor-widget-heading\" data-id=\"76a267e2\" data-element_type=\"widget\" data-widget_type=\"heading.default\">\n\t\t\t\t<div class=\"elementor-widget-container\">\n\t\t\t<h1 class=\"elementor-heading-title elementor-size-default\">Especialista em Reforma Predial<\/h1>\t\t<\/div>\n\t\t\t\t<\/div>\n\t\t\t\t\t<\/div>\n\t\t\t\t<\/div>\n\t\t<div class=\"elementor-element elementor-element-39a27d81 e-con-full e-flex e-con e-parent\" data-id=\"39a27d81\" data-element_type=\"container\" data-settings=\"{&quot;background_background&quot;:&quot;classic&quot;}\">\n\t\t<div class=\"elementor-element elementor-element-6ea0ed9c e-con-full e-flex e-con e-child\" data-id=\"6ea0ed9c\" data-element_type=\"container\">\n\t\t\t\t<div class=\"elementor-element elementor-element-be27a7c elementor-widget elementor-widget-image\" data-id=\"be27a7c\" data-element_type=\"widget\" data-widget_type=\"image.default\">\n\t\t\t\t<div class=\"elementor-widget-container\">\n\t\t\t\t\t\t\t\t\t\t\t\t\t<img decoding=\"async\" src=\"https:\/\/reformapredial.j2rengenharia.com.br\/wp-content\/uploads\/2023\/11\/IMG_8355.png\" title=\"IMG_8355\" alt=\"\" loading=\"lazy\" \/>\t\t\t\t\t\t\t\t\t\t\t\t\t<\/div>\n\t\t\t\t<\/div>\n\t\t\t\t<\/div>\n\t\t<div class=\"elementor-element elementor-element-2f5dd3aa e-con-full e-flex e-con e-child\" data-id=\"2f5dd3aa\" data-element_type=\"container\">\n\t\t\t\t<div class=\"elementor-element elementor-element-3c70efa8 elementor-widget elementor-widget-heading\" data-id=\"3c70efa8\" data-element_type=\"widget\" data-widget_type=\"heading.default\">\n\t\t\t\t<div class=\"elementor-widget-container\">\n\t\t\t<h1 class=\"elementor-heading-title elementor-size-default\">Reforma Predial<\/h1>\t\t<\/div>\n\t\t\t\t<\/div>\n\t\t\t\t<div class=\"elementor-element elementor-element-1af3d01 elementor-widget elementor-widget-heading\" data-id=\"1af3d01\" data-element_type=\"widget\" data-widget_type=\"heading.default\">\n\t\t\t\t<div class=\"elementor-widget-container\">\n\t\t\t<h1 class=\"elementor-heading-title elementor-size-default\">e revitaliza\u00e7\u00f5es<\/h1>\t\t<\/div>\n\t\t\t\t<\/div>\n\t\t\t\t<div class=\"elementor-element elementor-element-4ef39385 elementor-widget elementor-widget-text-editor\" data-id=\"4ef39385\" data-element_type=\"widget\" data-widget_type=\"text-editor.default\">\n\t\t\t\t<div class=\"elementor-widget-container\">\n\t\t\t\t\t\t\t<p>A J2R ENGENHARIA, est\u00e1 dedicada a proporcionar solu\u00e7\u00f5es de qualidade em Reformas Prediais. Com anos de experi\u00eancia no setor, nos tornamos especialistas na \u00e1rea, compondo comprometimento e satisfa\u00e7\u00e3o para as demandas corporativas no ramo da constru\u00e7\u00e3o civil.<\/p>\t\t\t\t\t\t<\/div>\n\t\t\t\t<\/div>\n\t\t\t\t<\/div>\n\t\t\t\t<\/div>\n\t\t<div class=\"elementor-element elementor-element-62302986 e-con-full e-flex e-con e-parent\" data-id=\"62302986\" data-element_type=\"container\" data-settings=\"{&quot;background_background&quot;:&quot;classic&quot;}\">\n\t\t<div class=\"elementor-element elementor-element-bcbb45c e-con-full e-flex e-con e-child\" data-id=\"bcbb45c\" data-element_type=\"container\">\n\t\t\t\t<div class=\"elementor-element elementor-element-1f6ee08d elementor-widget elementor-widget-text-editor\" data-id=\"1f6ee08d\" data-element_type=\"widget\" data-widget_type=\"text-editor.default\">\n\t\t\t\t<div class=\"elementor-widget-container\">\n\t\t\t\t\t\t\t<p>Oferecemos uma ampla gama de servi\u00e7os especializados em reformas prediais e revitaliza\u00e7\u00f5es. Seja para projetos empresariais que buscam moderniza\u00e7\u00e3o est\u00e9tica e funcional, e ou com\u00e9rcios, ind\u00fastrias e condom\u00ednios que necessitam de melhorias estruturais e de infraestrutura, compondo uma equipe qualificada e apta a atender as demandas com excel\u00eancia.<\/p>\t\t\t\t\t\t<\/div>\n\t\t\t\t<\/div>\n\t\t\t\t<div class=\"elementor-element elementor-element-49320a25 elementor-widget elementor-widget-heading\" data-id=\"49320a25\" data-element_type=\"widget\" data-widget_type=\"heading.default\">\n\t\t\t\t<div class=\"elementor-widget-container\">\n\t\t\t<h2 class=\"elementor-heading-title elementor-size-default\">Compromisso com a Excel\u00eancia<\/h2>\t\t<\/div>\n\t\t\t\t<\/div>\n\t\t\t\t<div class=\"elementor-element elementor-element-620ba25 elementor-widget elementor-widget-text-editor\" data-id=\"620ba25\" data-element_type=\"widget\" data-widget_type=\"text-editor.default\">\n\t\t\t\t<div class=\"elementor-widget-container\">\n\t\t\t\t\t\t\t<p>Buscamos n\u00e3o apenas atender o cliente, mas superar as exig\u00eancias de cada projeto e demanda, proporcionando resultados que refletem solu\u00e7\u00f5es em engenharia existentes no mercado, e ainda a sua satisfa\u00e7\u00e3o. Se voc\u00ea busca uma parceria comprometida com a excel\u00eancia na solu\u00e7\u00e3o das suas demandas , a J2R ENGENHARIA possui expertise para definir a melhor solu\u00e7\u00e3o para a sua demanda.<\/p>\t\t\t\t\t\t<\/div>\n\t\t\t\t<\/div>\n\t\t\t\t<\/div>\n\t\t<div class=\"elementor-element elementor-element-3adf2855 e-con-full e-flex e-con e-child\" data-id=\"3adf2855\" data-element_type=\"container\">\n\t\t\t\t<div class=\"elementor-element elementor-element-28c5992c elementor-widget elementor-widget-image\" data-id=\"28c5992c\" data-element_type=\"widget\" data-widget_type=\"image.default\">\n\t\t\t\t<div class=\"elementor-widget-container\">\n\t\t\t\t\t\t\t\t\t\t\t\t\t<img decoding=\"async\" width=\"291\" height=\"291\" src=\"https:\/\/reformapredial.j2rengenharia.com.br\/wp-content\/uploads\/2024\/01\/4cf2cdf9-93dd-461a-adbc-531dbf242e75.jpg\" class=\"attachment-large size-large wp-image-70\" alt=\"\" srcset=\"https:\/\/reformapredial.j2rengenharia.com.br\/wp-content\/uploads\/2024\/01\/4cf2cdf9-93dd-461a-adbc-531dbf242e75.jpg 291w, https:\/\/reformapredial.j2rengenharia.com.br\/wp-content\/uploads\/2024\/01\/4cf2cdf9-93dd-461a-adbc-531dbf242e75-150x150.jpg 150w\" sizes=\"(max-width: 291px) 100vw, 291px\" \/>\t\t\t\t\t\t\t\t\t\t\t\t\t<\/div>\n\t\t\t\t<\/div>\n\t\t\t\t<\/div>\n\t\t\t\t<\/div>\n\t\t<div class=\"elementor-element elementor-element-6b77340 e-flex e-con-boxed e-con e-parent\" data-id=\"6b77340\" data-element_type=\"container\">\n\t\t\t\t\t<div class=\"e-con-inner\">\n\t\t\t\t<div class=\"elementor-element elementor-element-3076530 elementor-widget elementor-widget-heading\" data-id=\"3076530\" data-element_type=\"widget\" data-widget_type=\"heading.default\">\n\t\t\t\t<div class=\"elementor-widget-container\">\n\t\t\t<h2 class=\"elementor-heading-title elementor-size-default\">Ampla Experi\u00eancia<\/h2>\t\t<\/div>\n\t\t\t\t<\/div>\n\t\t\t\t<div class=\"elementor-element elementor-element-ab82002 elementor-widget elementor-widget-text-editor\" data-id=\"ab82002\" data-element_type=\"widget\" data-widget_type=\"text-editor.default\">\n\t\t\t\t<div class=\"elementor-widget-container\">\n\t\t\t\t\t\t\tIndependentemente do tamanho do projeto, a J2R Engenharia se destaca pela qualidade e comprometimento.\t\t\t\t\t\t<\/div>\n\t\t\t\t<\/div>\n\t\t\t\t<div class=\"elementor-element elementor-element-08f38c6 elementor-arrows-position-inside elementor-pagination-position-outside elementor-widget elementor-widget-image-carousel\" data-id=\"08f38c6\" data-element_type=\"widget\" data-settings=\"{&quot;slides_to_show&quot;:&quot;3&quot;,&quot;slides_to_scroll&quot;:&quot;1&quot;,&quot;navigation&quot;:&quot;both&quot;,&quot;autoplay&quot;:&quot;yes&quot;,&quot;pause_on_hover&quot;:&quot;yes&quot;,&quot;pause_on_interaction&quot;:&quot;yes&quot;,&quot;autoplay_speed&quot;:5000,&quot;infinite&quot;:&quot;yes&quot;,&quot;speed&quot;:500}\" data-widget_type=\"image-carousel.default\">\n\t\t\t\t<div class=\"elementor-widget-container\">\n\t\t\t\t\t<div class=\"elementor-image-carousel-wrapper swiper\" dir=\"ltr\">\n\t\t\t<div class=\"elementor-image-carousel swiper-wrapper swiper-image-stretch\" aria-live=\"off\">\n\t\t\t\t\t\t\t\t<div class=\"swiper-slide\" role=\"group\" aria-roledescription=\"slide\" aria-label=\"1 of 5\"><figure class=\"swiper-slide-inner\"><img decoding=\"async\" class=\"swiper-slide-image\" src=\"https:\/\/reformapredial.j2rengenharia.com.br\/wp-content\/uploads\/2024\/01\/881fd803-1e33-4ad7-9982-5b07e5c02979.jpg\" alt=\"\" \/><\/figure><\/div><div class=\"swiper-slide\" role=\"group\" aria-roledescription=\"slide\" aria-label=\"2 of 5\"><figure class=\"swiper-slide-inner\"><img decoding=\"async\" class=\"swiper-slide-image\" src=\"https:\/\/reformapredial.j2rengenharia.com.br\/wp-content\/uploads\/2024\/01\/36042F99-7394-472B-A81F-38673869E3C3.jpg\" alt=\"\" \/><\/figure><\/div><div class=\"swiper-slide\" role=\"group\" aria-roledescription=\"slide\" aria-label=\"3 of 5\"><figure class=\"swiper-slide-inner\"><img decoding=\"async\" class=\"swiper-slide-image\" src=\"https:\/\/reformapredial.j2rengenharia.com.br\/wp-content\/uploads\/2024\/01\/8368303D-6B60-4A68-B977-0611A271E152.jpg\" alt=\"\" \/><\/figure><\/div><div class=\"swiper-slide\" role=\"group\" aria-roledescription=\"slide\" aria-label=\"4 of 5\"><figure class=\"swiper-slide-inner\"><img decoding=\"async\" class=\"swiper-slide-image\" src=\"https:\/\/reformapredial.j2rengenharia.com.br\/wp-content\/uploads\/2024\/01\/b3517e54-836c-413f-8590-68f409a80b33.jpg\" alt=\"\" \/><\/figure><\/div><div class=\"swiper-slide\" role=\"group\" aria-roledescription=\"slide\" aria-label=\"5 of 5\"><figure class=\"swiper-slide-inner\"><img decoding=\"async\" class=\"swiper-slide-image\" src=\"https:\/\/reformapredial.j2rengenharia.com.br\/wp-content\/uploads\/2024\/01\/3E106575-EB9E-4632-B628-07FA3C812E61.jpg\" alt=\"\" \/><\/figure><\/div>\t\t\t<\/div>\n\t\t\t\t\t\t\t\t\t\t\t\t<div class=\"elementor-swiper-button elementor-swiper-button-prev\" role=\"button\" tabindex=\"0\">\n\t\t\t\t\t\t<svg aria-hidden=\"true\" class=\"e-font-icon-svg e-eicon-chevron-left\" viewBox=\"0 0 1000 1000\" xmlns=\"http:\/\/www.w3.org\/2000\/svg\"><path d=\"M646 125C629 125 613 133 604 142L308 442C296 454 292 471 292 487 292 504 296 521 308 533L604 854C617 867 629 875 646 875 663 875 679 871 692 858 704 846 713 829 713 812 713 796 708 779 692 767L438 487 692 225C700 217 708 204 708 187 708 171 704 154 692 142 675 129 663 125 646 125Z\"><\/path><\/svg>\t\t\t\t\t<\/div>\n\t\t\t\t\t<div class=\"elementor-swiper-button elementor-swiper-button-next\" role=\"button\" tabindex=\"0\">\n\t\t\t\t\t\t<svg aria-hidden=\"true\" class=\"e-font-icon-svg e-eicon-chevron-right\" viewBox=\"0 0 1000 1000\" xmlns=\"http:\/\/www.w3.org\/2000\/svg\"><path d=\"M696 533C708 521 713 504 713 487 713 471 708 454 696 446L400 146C388 133 375 125 354 125 338 125 325 129 313 142 300 154 292 171 292 187 292 204 296 221 308 233L563 492 304 771C292 783 288 800 288 817 288 833 296 850 308 863 321 871 338 875 354 875 371 875 388 867 400 854L696 533Z\"><\/path><\/svg>\t\t\t\t\t<\/div>\n\t\t\t\t\n\t\t\t\t\t\t\t\t\t<div class=\"swiper-pagination\"><\/div>\n\t\t\t\t\t\t\t\t\t<\/div>\n\t\t\t\t<\/div>\n\t\t\t\t<\/div>\n\t\t\t\t\t<\/div>\n\t\t\t\t<\/div>\n\t\t<div class=\"elementor-element elementor-element-53fe0f2e e-flex e-con-boxed e-con e-parent\" data-id=\"53fe0f2e\" data-element_type=\"container\" data-settings=\"{&quot;background_background&quot;:&quot;classic&quot;}\">\n\t\t\t\t\t<div class=\"e-con-inner\">\n\t\t\t\t<div class=\"elementor-element elementor-element-5799f486 elementor-widget elementor-widget-heading\" data-id=\"5799f486\" data-element_type=\"widget\" data-widget_type=\"heading.default\">\n\t\t\t\t<div class=\"elementor-widget-container\">\n\t\t\t<h3 class=\"elementor-heading-title elementor-size-default\">Ao longo de quase uma d\u00e9cada, a J2R Engenharia realizou mais de:<\/h3>\t\t<\/div>\n\t\t\t\t<\/div>\n\t\t\t\t\t<\/div>\n\t\t\t\t<\/div>\n\t\t<div class=\"elementor-element elementor-element-934bd80 e-con-full e-flex e-con e-parent\" data-id=\"934bd80\" data-element_type=\"container\" data-settings=\"{&quot;background_background&quot;:&quot;classic&quot;}\">\n\t\t<div class=\"elementor-element elementor-element-8d3e432 e-con-full e-flex e-con e-child\" data-id=\"8d3e432\" data-element_type=\"container\">\n\t\t\t\t<div class=\"elementor-element elementor-element-0b9504a elementor-widget elementor-widget-counter\" data-id=\"0b9504a\" data-element_type=\"widget\" data-widget_type=\"counter.default\">\n\t\t\t\t<div class=\"elementor-widget-container\">\n\t\t\t\t\t<div class=\"elementor-counter\">\n\t\t\t<div class=\"elementor-counter-title\">Reformas Prediais<\/div>\t\t\t<div class=\"elementor-counter-number-wrapper\">\n\t\t\t\t<span class=\"elementor-counter-number-prefix\">+<\/span>\n\t\t\t\t<span class=\"elementor-counter-number\" data-duration=\"2000\" data-to-value=\"3000\" data-from-value=\"1\" data-delimiter=\".\">1<\/span>\n\t\t\t\t<span class=\"elementor-counter-number-suffix\"><\/span>\n\t\t\t<\/div>\n\t\t<\/div>\n\t\t\t\t<\/div>\n\t\t\t\t<\/div>\n\t\t\t\t<\/div>\n\t\t\t\t<\/div>\n\t\t<div class=\"elementor-element elementor-element-6aaa0d1 e-flex e-con-boxed e-con e-parent\" data-id=\"6aaa0d1\" data-element_type=\"container\" data-settings=\"{&quot;background_background&quot;:&quot;classic&quot;}\">\n\t\t\t\t\t<div class=\"e-con-inner\">\n\t\t\t\t<div class=\"elementor-element elementor-element-bb1296b elementor-widget elementor-widget-text-editor\" data-id=\"bb1296b\" data-element_type=\"widget\" data-widget_type=\"text-editor.default\">\n\t\t\t\t<div class=\"elementor-widget-container\">\n\t\t\t\t\t\t\tSe voc\u00ea busca uma parceira confi\u00e1vel em Reforma Predial e revitaliza\u00e7\u00f5es, a J2R Engenharia est\u00e1 \u00e0 disposi\u00e7\u00e3o para discutir suas necessidades.\t\t\t\t\t\t<\/div>\n\t\t\t\t<\/div>\n\t\t\t\t<div class=\"elementor-element elementor-element-464c572 elementor-mobile-align-center elementor-align-center elementor-widget elementor-widget-button\" data-id=\"464c572\" data-element_type=\"widget\" data-widget_type=\"button.default\">\n\t\t\t\t<div class=\"elementor-widget-container\">\n\t\t\t\t\t<div class=\"elementor-button-wrapper\">\n\t\t\t<a class=\"elementor-button elementor-button-link elementor-size-sm\" href=\"https:\/\/api.whatsapp.com\/send?phone=555131045857&#038;text=Oi,%20vim%20do%20site%20e%20quero%20mais%20informa%C3%A7%C3%B5es\">\n\t\t\t\t\t\t<span class=\"elementor-button-content-wrapper\">\n\t\t\t\t\t\t<span class=\"elementor-button-icon\">\n\t\t\t\t<svg aria-hidden=\"true\" class=\"e-font-icon-svg e-fab-whatsapp\" viewBox=\"0 0 448 512\" xmlns=\"http:\/\/www.w3.org\/2000\/svg\"><path d=\"M380.9 97.1C339 55.1 283.2 32 223.9 32c-122.4 0-222 99.6-222 222 0 39.1 10.2 77.3 29.6 111L0 480l117.7-30.9c32.4 17.7 68.9 27 106.1 27h.1c122.3 0 224.1-99.6 224.1-222 0-59.3-25.2-115-67.1-157zm-157 341.6c-33.2 0-65.7-8.9-94-25.7l-6.7-4-69.8 18.3L72 359.2l-4.4-7c-18.5-29.4-28.2-63.3-28.2-98.2 0-101.7 82.8-184.5 184.6-184.5 49.3 0 95.6 19.2 130.4 54.1 34.8 34.9 56.2 81.2 56.1 130.5 0 101.8-84.9 184.6-186.6 184.6zm101.2-138.2c-5.5-2.8-32.8-16.2-37.9-18-5.1-1.9-8.8-2.8-12.5 2.8-3.7 5.6-14.3 18-17.6 21.8-3.2 3.7-6.5 4.2-12 1.4-32.6-16.3-54-29.1-75.5-66-5.7-9.8 5.7-9.1 16.3-30.3 1.8-3.7.9-6.9-.5-9.7-1.4-2.8-12.5-30.1-17.1-41.2-4.5-10.8-9.1-9.3-12.5-9.5-3.2-.2-6.9-.2-10.6-.2-3.7 0-9.7 1.4-14.8 6.9-5.1 5.6-19.4 19-19.4 46.3 0 27.3 19.9 53.7 22.6 57.4 2.8 3.7 39.1 59.7 94.8 83.8 35.2 15.2 49 16.5 66.6 13.9 10.7-1.6 32.8-13.4 37.4-26.4 4.6-13 4.6-24.1 3.2-26.4-1.3-2.5-5-3.9-10.5-6.6z\"><\/path><\/svg>\t\t\t<\/span>\n\t\t\t\t\t\t\t\t\t<span class=\"elementor-button-text\">FA\u00c7A SEU OR\u00c7AMENTO<\/span>\n\t\t\t\t\t<\/span>\n\t\t\t\t\t<\/a>\n\t\t<\/div>\n\t\t\t\t<\/div>\n\t\t\t\t<\/div>\n\t\t\t\t\t<\/div>\n\t\t\t\t<\/div>\n\t\t<div class=\"elementor-element elementor-element-6b7b077a e-flex e-con-boxed e-con e-parent\" data-id=\"6b7b077a\" data-element_type=\"container\" data-settings=\"{&quot;background_background&quot;:&quot;classic&quot;}\">\n\t\t\t\t\t<div class=\"e-con-inner\">\n\t\t\t\t<div class=\"elementor-element elementor-element-6e229aa2 elementor-widget elementor-widget-heading\" data-id=\"6e229aa2\" data-element_type=\"widget\" data-widget_type=\"heading.default\">\n\t\t\t\t<div class=\"elementor-widget-container\">\n\t\t\t<p class=\"elementor-heading-title elementor-size-default\">Marketing Digital por Batista Comunica\u00e7\u00e3o<\/p>\t\t<\/div>\n\t\t\t\t<\/div>\n\t\t\t\t\t<\/div>\n\t\t\t\t<\/div>\n\t\t\t\t<\/div>\n\t\t","protected":false},"excerpt":{"rendered":"<p>Especialista em Reforma Predial Reforma Predial e revitaliza\u00e7\u00f5es A J2R ENGENHARIA, est\u00e1 dedicada a proporcionar solu\u00e7\u00f5es de qualidade em Reformas Prediais. Com anos de experi\u00eancia no setor, nos tornamos especialistas na \u00e1rea, compondo comprometimento e satisfa\u00e7\u00e3o para as demandas corporativas no ramo da constru\u00e7\u00e3o civil. Oferecemos uma ampla gama de servi\u00e7os especializados em reformas prediais [&hellip;]<\/p>\n","protected":false},"author":1,"featured_media":0,"parent":0,"menu_order":0,"comment_status":"closed","ping_status":"closed","template":"elementor_canvas","meta":{"footnotes":""},"class_list":["post-8","page","type-page","status-publish","hentry"],"_links":{"self":[{"href":"https:\/\/reformapredial.j2rengenharia.com.br\/index.php?rest_route=\/wp\/v2\/pages\/8"}],"collection":[{"href":"https:\/\/reformapredial.j2rengenharia.com.br\/index.php?rest_route=\/wp\/v2\/pages"}],"about":[{"href":"https:\/\/reformapredial.j2rengenharia.com.br\/index.php?rest_route=\/wp\/v2\/types\/page"}],"author":[{"embeddable":true,"href":"https:\/\/reformapredial.j2rengenharia.com.br\/index.php?rest_route=\/wp\/v2\/users\/1"}],"replies":[{"embeddable":true,"href":"https:\/\/reformapredial.j2rengenharia.com.br\/index.php?rest_route=%2Fwp%2Fv2%2Fcomments&post=8"}],"version-history":[{"count":56,"href":"https:\/\/reformapredial.j2rengenharia.com.br\/index.php?rest_route=\/wp\/v2\/pages\/8\/revisions"}],"predecessor-version":[{"id":101,"href":"https:\/\/reformapredial.j2rengenharia.com.br\/index.php?rest_route=\/wp\/v2\/pages\/8\/revisions\/101"}],"wp:attachment":[{"href":"https:\/\/reformapredial.j2rengenharia.com.br\/index.php?rest_route=%2Fwp%2Fv2%2Fmedia&parent=8"}],"curies":[{"name":"wp","href":"https:\/\/api.w.org\/{rel}","templated":true}]}}